{"id":104,"date":"2025-11-09T22:56:16","date_gmt":"2025-11-09T22:56:16","guid":{"rendered":"https:\/\/onona.fr\/?page_id=104"},"modified":"2025-11-18T22:00:33","modified_gmt":"2025-11-18T22:00:33","slug":"naturopathie-2","status":"publish","type":"page","link":"https:\/\/onona.fr\/?page_id=104","title":{"rendered":"Naturopathie"},"content":{"rendered":"\t\t<div data-elementor-type=\"wp-page\" data-elementor-id=\"104\" class=\"elementor elementor-104\">\n\t\t\t\t<div class=\"elementor-element elementor-element-d207fa0 e-flex e-con-boxed e-con e-parent\" data-id=\"d207fa0\" data-element_type=\"container\">\n\t\t\t\t\t<div class=\"e-con-inner\">\n\t\t<div class=\"elementor-element elementor-element-a0e3c08 e-con-full e-flex e-con e-child\" data-id=\"a0e3c08\" data-element_type=\"container\">\n\t\t\t\t<div class=\"elementor-element elementor-element-c274a5b elementor-widget elementor-widget-image\" data-id=\"c274a5b\" data-element_type=\"widget\" data-widget_type=\"image.default\">\n\t\t\t\t\t\t\t\t\t\t\t\t\t\t\t<img fetchpriority=\"high\" decoding=\"async\" width=\"343\" height=\"240\" src=\"https:\/\/onona.fr\/wp-content\/uploads\/2025\/11\/cathedrale.jpg\" class=\"attachment-large size-large wp-image-178\" alt=\"\" srcset=\"https:\/\/onona.fr\/wp-content\/uploads\/2025\/11\/cathedrale.jpg 343w, https:\/\/onona.fr\/wp-content\/uploads\/2025\/11\/cathedrale-300x210.jpg 300w\" sizes=\"(max-width: 343px) 100vw, 343px\" \/>\t\t\t\t\t\t\t\t\t\t\t\t\t\t\t<\/div>\n\t\t\t\t<\/div>\n\t\t<div class=\"elementor-element elementor-element-ce97f71 e-con-full e-flex e-con e-child\" data-id=\"ce97f71\" data-element_type=\"container\">\n\t\t\t\t<div class=\"elementor-element elementor-element-84f8315 elementor-widget elementor-widget-heading\" data-id=\"84f8315\" data-element_type=\"widget\" data-widget_type=\"heading.default\">\n\t\t\t\t\t<h2 class=\"elementor-heading-title elementor-size-default\">La naturopathie, c'est quoi?<\/h2>\t\t\t\t<\/div>\n\t\t\t\t<div class=\"elementor-element elementor-element-6012d87 elementor-widget elementor-widget-text-editor\" data-id=\"6012d87\" data-element_type=\"widget\" data-widget_type=\"text-editor.default\">\n\t\t\t\t\t\t\t\t\t<p>C&rsquo;est une approche globale prenant en compte toutes les dimensions &#8211; physique, \u00e9motionnelle, mentale, sociale et spirituelle &#8211; d\u2019une personne et qui vise \u00e0 promouvoir le bien-\u00eatre et l&rsquo;\u00e9quilibre du corps et de l&rsquo;esprit. Elle repose sur des m\u00e9thodes naturelles et manuelles, en utilisant des techniques telles que l&rsquo;alimentation, l&rsquo;exercice physique, les massages et des th\u00e9rapies compl\u00e9mentaires comme l\u2019aromath\u00e9rapie, la phytoth\u00e9rapie, les fleurs de Bach. L&rsquo;objectif est d&rsquo;aider l\u2019individu \u00e0 retrouver et maintenir un \u00e9quilibre en<br \/>activant les capacit\u00e9s d&rsquo;auto-r\u00e9gulation du corps. Chaque s\u00e9ance commence par un entretien approfondi pour comprendre vos ant\u00e9c\u00e9dents, votre mode de vie, et vos pr\u00e9occupations. Cela permet d&rsquo;\u00e9tablir un bilan personnalis\u00e9 et un accompagnement de qualit\u00e9.<\/p>\t\t\t\t\t\t\t\t<\/div>\n\t\t\t\t<\/div>\n\t\t\t\t\t<\/div>\n\t\t\t\t<\/div>\n\t\t<div class=\"elementor-element elementor-element-a0a8a4d e-flex e-con-boxed e-con e-parent\" data-id=\"a0a8a4d\" data-element_type=\"container\">\n\t\t\t\t\t<div class=\"e-con-inner\">\n\t\t<div class=\"elementor-element elementor-element-0f39496 e-con-full e-flex e-con e-child\" data-id=\"0f39496\" data-element_type=\"container\">\n\t\t\t\t<\/div>\n\t\t<div class=\"elementor-element elementor-element-e39199d e-con-full e-flex e-con e-child\" data-id=\"e39199d\" data-element_type=\"container\">\n\t\t\t\t<\/div>\n\t\t\t\t\t<\/div>\n\t\t\t\t<\/div>\n\t\t\t\t<\/div>\n\t\t","protected":false},"excerpt":{"rendered":"<p>La naturopathie, c&rsquo;est quoi? C&rsquo;est une approche globale prenant en compte toutes les dimensions &#8211; physique, \u00e9motionnelle, mentale, sociale et spirituelle &#8211; d\u2019une personne et qui vise \u00e0 promouvoir le bien-\u00eatre et l&rsquo;\u00e9quilibre du corps et de l&rsquo;esprit. Elle repose sur des m\u00e9thodes naturelles et manuelles, en utilisant des techniques telles que l&rsquo;alimentation, l&rsquo;exercice physique, [&hellip;]<\/p>\n","protected":false},"author":1,"featured_media":0,"parent":0,"menu_order":0,"comment_status":"closed","ping_status":"closed","template":"","meta":{"footnotes":""},"class_list":["post-104","page","type-page","status-publish","hentry","entry"],"yoast_head":"<!-- This site is optimized with the Yoast SEO plugin v26.3 - https:\/\/yoast.com\/wordpress\/plugins\/seo\/ -->\n<title>Naturopathie - ONONA<\/title>\n<meta name=\"robots\" content=\"index, follow, max-snippet:-1, max-image-preview:large, max-video-preview:-1\" \/>\n<link rel=\"canonical\" href=\"https:\/\/onona.fr\/?page_id=104\" \/>\n<meta property=\"og:locale\" content=\"fr_FR\" \/>\n<meta property=\"og:type\" content=\"article\" \/>\n<meta property=\"og:title\" content=\"Naturopathie - ONONA\" \/>\n<meta property=\"og:description\" content=\"La naturopathie, c&rsquo;est quoi? C&rsquo;est une approche globale prenant en compte toutes les dimensions &#8211; physique, \u00e9motionnelle, mentale, sociale et spirituelle &#8211; d\u2019une personne et qui vise \u00e0 promouvoir le bien-\u00eatre et l&rsquo;\u00e9quilibre du corps et de l&rsquo;esprit. Elle repose sur des m\u00e9thodes naturelles et manuelles, en utilisant des techniques telles que l&rsquo;alimentation, l&rsquo;exercice physique, [&hellip;]\" \/>\n<meta property=\"og:url\" content=\"https:\/\/onona.fr\/?page_id=104\" \/>\n<meta property=\"og:site_name\" content=\"ONONA\" \/>\n<meta property=\"article:modified_time\" content=\"2025-11-18T22:00:33+00:00\" \/>\n<meta property=\"og:image\" content=\"https:\/\/onona.fr\/wp-content\/uploads\/2025\/11\/cathedrale.jpg\" \/>\n\t<meta property=\"og:image:width\" content=\"343\" \/>\n\t<meta property=\"og:image:height\" content=\"240\" \/>\n\t<meta property=\"og:image:type\" content=\"image\/jpeg\" \/>\n<meta name=\"twitter:card\" content=\"summary_large_image\" \/>\n<meta name=\"twitter:label1\" content=\"Dur\u00e9e de lecture estim\u00e9e\" \/>\n\t<meta name=\"twitter:data1\" content=\"1 minute\" \/>\n<script type=\"application\/ld+json\" class=\"yoast-schema-graph\">{\"@context\":\"https:\/\/schema.org\",\"@graph\":[{\"@type\":\"WebPage\",\"@id\":\"https:\/\/onona.fr\/?page_id=104\",\"url\":\"https:\/\/onona.fr\/?page_id=104\",\"name\":\"Naturopathie - ONONA\",\"isPartOf\":{\"@id\":\"https:\/\/onona.fr\/#website\"},\"primaryImageOfPage\":{\"@id\":\"https:\/\/onona.fr\/?page_id=104#primaryimage\"},\"image\":{\"@id\":\"https:\/\/onona.fr\/?page_id=104#primaryimage\"},\"thumbnailUrl\":\"https:\/\/onona.fr\/wp-content\/uploads\/2025\/11\/cathedrale.jpg\",\"datePublished\":\"2025-11-09T22:56:16+00:00\",\"dateModified\":\"2025-11-18T22:00:33+00:00\",\"breadcrumb\":{\"@id\":\"https:\/\/onona.fr\/?page_id=104#breadcrumb\"},\"inLanguage\":\"fr-FR\",\"potentialAction\":[{\"@type\":\"ReadAction\",\"target\":[\"https:\/\/onona.fr\/?page_id=104\"]}]},{\"@type\":\"ImageObject\",\"inLanguage\":\"fr-FR\",\"@id\":\"https:\/\/onona.fr\/?page_id=104#primaryimage\",\"url\":\"https:\/\/onona.fr\/wp-content\/uploads\/2025\/11\/cathedrale.jpg\",\"contentUrl\":\"https:\/\/onona.fr\/wp-content\/uploads\/2025\/11\/cathedrale.jpg\",\"width\":343,\"height\":240},{\"@type\":\"BreadcrumbList\",\"@id\":\"https:\/\/onona.fr\/?page_id=104#breadcrumb\",\"itemListElement\":[{\"@type\":\"ListItem\",\"position\":1,\"name\":\"Accueil\",\"item\":\"https:\/\/onona.fr\/\"},{\"@type\":\"ListItem\",\"position\":2,\"name\":\"Naturopathie\"}]},{\"@type\":\"WebSite\",\"@id\":\"https:\/\/onona.fr\/#website\",\"url\":\"https:\/\/onona.fr\/\",\"name\":\"ONONA\",\"description\":\"L&#039;\u00e9quilibre Essentiel\",\"publisher\":{\"@id\":\"https:\/\/onona.fr\/#organization\"},\"potentialAction\":[{\"@type\":\"SearchAction\",\"target\":{\"@type\":\"EntryPoint\",\"urlTemplate\":\"https:\/\/onona.fr\/?s={search_term_string}\"},\"query-input\":{\"@type\":\"PropertyValueSpecification\",\"valueRequired\":true,\"valueName\":\"search_term_string\"}}],\"inLanguage\":\"fr-FR\"},{\"@type\":\"Organization\",\"@id\":\"https:\/\/onona.fr\/#organization\",\"name\":\"ONONA\",\"url\":\"https:\/\/onona.fr\/\",\"logo\":{\"@type\":\"ImageObject\",\"inLanguage\":\"fr-FR\",\"@id\":\"https:\/\/onona.fr\/#\/schema\/logo\/image\/\",\"url\":\"https:\/\/onona.fr\/wp-content\/uploads\/2025\/09\/cropped-cropped-onana-v3-sans-fond-1.png\",\"contentUrl\":\"https:\/\/onona.fr\/wp-content\/uploads\/2025\/09\/cropped-cropped-onana-v3-sans-fond-1.png\",\"width\":512,\"height\":489,\"caption\":\"ONONA\"},\"image\":{\"@id\":\"https:\/\/onona.fr\/#\/schema\/logo\/image\/\"}}]}<\/script>\n<!-- \/ Yoast SEO plugin. -->","yoast_head_json":{"title":"Naturopathie - ONONA","robots":{"index":"index","follow":"follow","max-snippet":"max-snippet:-1","max-image-preview":"max-image-preview:large","max-video-preview":"max-video-preview:-1"},"canonical":"https:\/\/onona.fr\/?page_id=104","og_locale":"fr_FR","og_type":"article","og_title":"Naturopathie - ONONA","og_description":"La naturopathie, c&rsquo;est quoi? C&rsquo;est une approche globale prenant en compte toutes les dimensions &#8211; physique, \u00e9motionnelle, mentale, sociale et spirituelle &#8211; d\u2019une personne et qui vise \u00e0 promouvoir le bien-\u00eatre et l&rsquo;\u00e9quilibre du corps et de l&rsquo;esprit. Elle repose sur des m\u00e9thodes naturelles et manuelles, en utilisant des techniques telles que l&rsquo;alimentation, l&rsquo;exercice physique, [&hellip;]","og_url":"https:\/\/onona.fr\/?page_id=104","og_site_name":"ONONA","article_modified_time":"2025-11-18T22:00:33+00:00","og_image":[{"width":343,"height":240,"url":"https:\/\/onona.fr\/wp-content\/uploads\/2025\/11\/cathedrale.jpg","type":"image\/jpeg"}],"twitter_card":"summary_large_image","twitter_misc":{"Dur\u00e9e de lecture estim\u00e9e":"1 minute"},"schema":{"@context":"https:\/\/schema.org","@graph":[{"@type":"WebPage","@id":"https:\/\/onona.fr\/?page_id=104","url":"https:\/\/onona.fr\/?page_id=104","name":"Naturopathie - ONONA","isPartOf":{"@id":"https:\/\/onona.fr\/#website"},"primaryImageOfPage":{"@id":"https:\/\/onona.fr\/?page_id=104#primaryimage"},"image":{"@id":"https:\/\/onona.fr\/?page_id=104#primaryimage"},"thumbnailUrl":"https:\/\/onona.fr\/wp-content\/uploads\/2025\/11\/cathedrale.jpg","datePublished":"2025-11-09T22:56:16+00:00","dateModified":"2025-11-18T22:00:33+00:00","breadcrumb":{"@id":"https:\/\/onona.fr\/?page_id=104#breadcrumb"},"inLanguage":"fr-FR","potentialAction":[{"@type":"ReadAction","target":["https:\/\/onona.fr\/?page_id=104"]}]},{"@type":"ImageObject","inLanguage":"fr-FR","@id":"https:\/\/onona.fr\/?page_id=104#primaryimage","url":"https:\/\/onona.fr\/wp-content\/uploads\/2025\/11\/cathedrale.jpg","contentUrl":"https:\/\/onona.fr\/wp-content\/uploads\/2025\/11\/cathedrale.jpg","width":343,"height":240},{"@type":"BreadcrumbList","@id":"https:\/\/onona.fr\/?page_id=104#breadcrumb","itemListElement":[{"@type":"ListItem","position":1,"name":"Accueil","item":"https:\/\/onona.fr\/"},{"@type":"ListItem","position":2,"name":"Naturopathie"}]},{"@type":"WebSite","@id":"https:\/\/onona.fr\/#website","url":"https:\/\/onona.fr\/","name":"ONONA","description":"L&#039;\u00e9quilibre Essentiel","publisher":{"@id":"https:\/\/onona.fr\/#organization"},"potentialAction":[{"@type":"SearchAction","target":{"@type":"EntryPoint","urlTemplate":"https:\/\/onona.fr\/?s={search_term_string}"},"query-input":{"@type":"PropertyValueSpecification","valueRequired":true,"valueName":"search_term_string"}}],"inLanguage":"fr-FR"},{"@type":"Organization","@id":"https:\/\/onona.fr\/#organization","name":"ONONA","url":"https:\/\/onona.fr\/","logo":{"@type":"ImageObject","inLanguage":"fr-FR","@id":"https:\/\/onona.fr\/#\/schema\/logo\/image\/","url":"https:\/\/onona.fr\/wp-content\/uploads\/2025\/09\/cropped-cropped-onana-v3-sans-fond-1.png","contentUrl":"https:\/\/onona.fr\/wp-content\/uploads\/2025\/09\/cropped-cropped-onana-v3-sans-fond-1.png","width":512,"height":489,"caption":"ONONA"},"image":{"@id":"https:\/\/onona.fr\/#\/schema\/logo\/image\/"}}]}},"_links":{"self":[{"href":"https:\/\/onona.fr\/index.php?rest_route=\/wp\/v2\/pages\/104","targetHints":{"allow":["GET"]}}],"collection":[{"href":"https:\/\/onona.fr\/index.php?rest_route=\/wp\/v2\/pages"}],"about":[{"href":"https:\/\/onona.fr\/index.php?rest_route=\/wp\/v2\/types\/page"}],"author":[{"embeddable":true,"href":"https:\/\/onona.fr\/index.php?rest_route=\/wp\/v2\/users\/1"}],"replies":[{"embeddable":true,"href":"https:\/\/onona.fr\/index.php?rest_route=%2Fwp%2Fv2%2Fcomments&post=104"}],"version-history":[{"count":7,"href":"https:\/\/onona.fr\/index.php?rest_route=\/wp\/v2\/pages\/104\/revisions"}],"predecessor-version":[{"id":184,"href":"https:\/\/onona.fr\/index.php?rest_route=\/wp\/v2\/pages\/104\/revisions\/184"}],"wp:attachment":[{"href":"https:\/\/onona.fr\/index.php?rest_route=%2Fwp%2Fv2%2Fmedia&parent=104"}],"curies":[{"name":"wp","href":"https:\/\/api.w.org\/{rel}","templated":true}]}}