{"id":106,"date":"2025-11-09T22:56:45","date_gmt":"2025-11-09T22:56:45","guid":{"rendered":"https:\/\/onona.fr\/?page_id=106"},"modified":"2026-02-05T22:26:59","modified_gmt":"2026-02-05T22:26:59","slug":"reflexologie","status":"publish","type":"page","link":"https:\/\/onona.fr\/?page_id=106","title":{"rendered":"R\u00e9flexologie"},"content":{"rendered":"\t\t<div data-elementor-type=\"wp-page\" data-elementor-id=\"106\" class=\"elementor elementor-106\">\n\t\t\t\t<div class=\"elementor-element elementor-element-5cdf4d9 e-flex e-con-boxed e-con e-parent\" data-id=\"5cdf4d9\" data-element_type=\"container\">\n\t\t\t\t\t<div class=\"e-con-inner\">\n\t\t\t\t<div class=\"elementor-element elementor-element-0ab9645 elementor-widget elementor-widget-image\" data-id=\"0ab9645\" data-element_type=\"widget\" data-widget_type=\"image.default\">\n\t\t\t\t\t\t\t\t\t\t\t\t\t\t\t<img fetchpriority=\"high\" decoding=\"async\" width=\"346\" height=\"268\" src=\"https:\/\/onona.fr\/wp-content\/uploads\/2025\/11\/pieds-organe.png\" class=\"attachment-large size-large wp-image-187\" alt=\"\" srcset=\"https:\/\/onona.fr\/wp-content\/uploads\/2025\/11\/pieds-organe.png 346w, https:\/\/onona.fr\/wp-content\/uploads\/2025\/11\/pieds-organe-300x232.png 300w\" sizes=\"(max-width: 346px) 100vw, 346px\" \/>\t\t\t\t\t\t\t\t\t\t\t\t\t\t\t<\/div>\n\t\t<div class=\"elementor-element elementor-element-fd85ea1 e-con-full e-flex e-con e-child\" data-id=\"fd85ea1\" data-element_type=\"container\">\n\t\t\t\t<div class=\"elementor-element elementor-element-0903bb6 elementor-widget elementor-widget-heading\" data-id=\"0903bb6\" data-element_type=\"widget\" data-widget_type=\"heading.default\">\n\t\t\t\t\t<h2 class=\"elementor-heading-title elementor-size-default\"><br>La r\u00e9flexologie en m\u00e9decine traditionnelle chinoise<\/h2>\t\t\t\t<\/div>\n\t\t\t\t<div class=\"elementor-element elementor-element-cb6bbac elementor-widget elementor-widget-text-editor\" data-id=\"cb6bbac\" data-element_type=\"widget\" data-widget_type=\"text-editor.default\">\n\t\t\t\t\t\t\t\t\t<p>Technique de r\u00e9\u00e9quilibrage, de relaxation et&nbsp;de bien-\u00eatre. Elle n\u2019a pas pour finalit\u00e9 directe&nbsp;ou indirecte de soigner des pathologies. C\u2019est&nbsp;une technique ancienne qui repose sur le&nbsp;principe que certaines zones du corps,&nbsp;appel\u00e9es \u00ab\u00a0zones r\u00e9flexes\u00a0\u00bb , correspondent \u00e0&nbsp;des organes&nbsp;et syst\u00e8mes sp\u00e9cifiques. En&nbsp;stimulant ces zones, la r\u00e9flexologie vise \u00e0&nbsp;harmoniser la circulation de l\u2019\u00e9nergie dans le&nbsp;corps&nbsp;afin de&nbsp;permettre \u00e0 l\u2019individu de&nbsp;retrouver un \u00e9quilibre physique, mental et&nbsp;\u00e9motionnel. Cette pratique douce et non&nbsp;invasive contribue \u00e0 am\u00e9liorer le bien-\u00eatre&nbsp;g\u00e9n\u00e9ral et \u00e0 soulager divers maux.<\/p>\n<p><br><\/p>\t\t\t\t\t\t\t\t<\/div>\n\t\t\t\t<\/div>\n\t\t\t\t\t<\/div>\n\t\t\t\t<\/div>\n\t\t<div class=\"elementor-element elementor-element-6643e74 e-flex e-con-boxed e-con e-parent\" data-id=\"6643e74\" data-element_type=\"container\">\n\t\t\t\t\t<div class=\"e-con-inner\">\n\t\t<div class=\"elementor-element elementor-element-81d346f e-con-full e-flex e-con e-child\" data-id=\"81d346f\" data-element_type=\"container\">\n\t\t<div class=\"elementor-element elementor-element-49c0b8b e-con-full e-flex e-con e-child\" data-id=\"49c0b8b\" data-element_type=\"container\">\n\t\t\t\t<div class=\"elementor-element elementor-element-463b9f2 elementor-widget elementor-widget-image\" data-id=\"463b9f2\" data-element_type=\"widget\" data-widget_type=\"image.default\">\n\t\t\t\t\t\t\t\t\t\t\t\t\t\t\t<img decoding=\"async\" width=\"176\" height=\"253\" src=\"https:\/\/onona.fr\/wp-content\/uploads\/2025\/11\/amma-assis.png\" class=\"attachment-large size-large wp-image-194\" alt=\"\" \/>\t\t\t\t\t\t\t\t\t\t\t\t\t\t\t<\/div>\n\t\t\t\t<\/div>\n\t\t<div class=\"elementor-element elementor-element-9b77248 e-con-full e-flex e-con e-child\" data-id=\"9b77248\" data-element_type=\"container\">\n\t\t\t\t<div class=\"elementor-element elementor-element-ac18d82 elementor-widget elementor-widget-heading\" data-id=\"ac18d82\" data-element_type=\"widget\" data-widget_type=\"heading.default\">\n\t\t\t\t\t<h2 class=\"elementor-heading-title elementor-size-default\">Massage Amma assis<\/h2>\t\t\t\t<\/div>\n\t\t\t\t<div class=\"elementor-element elementor-element-d68ad9d elementor-widget elementor-widget-text-editor\" data-id=\"d68ad9d\" data-element_type=\"widget\" data-widget_type=\"text-editor.default\">\n\t\t\t\t\t\t\t\t\t<p>Issu de la m\u00e9decine traditionnelle chinoise mais \u00e9galement pratiqu\u00e9 sur tatami par les japonais, ce massage se pratique habill\u00e9, sur une chaise ergonomique. C\u2019est un massage \u00e9nerg\u00e9tique avec un encha\u00eenement pr\u00e9cis, compos\u00e9 de pressions, d\u2019\u00e9tirements, de percussions et de balayages sur des points particuliers du corps (dos, nuque, t\u00eate, \u00e9paules, bras).<\/p>\t\t\t\t\t\t\t\t<\/div>\n\t\t\t\t<\/div>\n\t\t\t\t<\/div>\n\t\t\t\t\t<\/div>\n\t\t\t\t<\/div>\n\t\t<div class=\"elementor-element elementor-element-5d1949b e-flex e-con-boxed e-con e-parent\" data-id=\"5d1949b\" data-element_type=\"container\">\n\t\t\t\t\t<div class=\"e-con-inner\">\n\t\t<div class=\"elementor-element elementor-element-61f2ca8 e-con-full e-flex e-con e-child\" data-id=\"61f2ca8\" data-element_type=\"container\">\n\t\t\t\t<div class=\"elementor-element elementor-element-e0f31d8 elementor-widget elementor-widget-heading\" data-id=\"e0f31d8\" data-element_type=\"widget\" data-widget_type=\"heading.default\">\n\t\t\t\t\t<h2 class=\"elementor-heading-title elementor-size-default\">Les contre-indications<\/h2>\t\t\t\t<\/div>\n\t\t\t\t<div class=\"elementor-element elementor-element-84b7b59 elementor-widget__width-initial elementor-widget elementor-widget-text-editor\" data-id=\"84b7b59\" data-element_type=\"widget\" data-widget_type=\"text-editor.default\">\n\t\t\t\t\t\t\t\t\t<p>\u00b7 Grossesse ou allaitement, <br \/>\u00b7 Vaccin de moins 15 jours, <br \/>\u00b7 Op\u00e9ration de moins de 3 mois, <br \/>\u00b7 Cancer de moins de 5ans, <br \/>\u00b7 Diab\u00e8te non stabilis\u00e9, <br \/>\u00b7 \u00c9pilepsie, <br \/>\u00b7 Maladies psychologiques non trait\u00e9es, <br \/>\u00b7 Pathologies cardiovasculaires, <br \/>\u00b7 Troubles circulatoires importants<\/p><p>ainsi que la maladie des os de verre ou les op\u00e9rations du dos pour le massage amma assis<\/p>\t\t\t\t\t\t\t\t<\/div>\n\t\t\t\t<\/div>\n\t\t<div class=\"elementor-element elementor-element-08ec73c e-con-full e-flex e-con e-child\" data-id=\"08ec73c\" data-element_type=\"container\">\n\t\t<div class=\"elementor-element elementor-element-bf79209 e-con-full e-flex e-con e-child\" data-id=\"bf79209\" data-element_type=\"container\">\n\t\t\t\t<div class=\"elementor-element elementor-element-7e832b2 elementor-widget elementor-widget-image\" data-id=\"7e832b2\" data-element_type=\"widget\" data-widget_type=\"image.default\">\n\t\t\t\t\t\t\t\t\t\t\t\t\t\t\t<img decoding=\"async\" width=\"768\" height=\"768\" src=\"https:\/\/onona.fr\/wp-content\/uploads\/2026\/02\/278721-P6PUBB-327-768x768.jpg\" class=\"attachment-medium_large size-medium_large wp-image-380\" alt=\"\" srcset=\"https:\/\/onona.fr\/wp-content\/uploads\/2026\/02\/278721-P6PUBB-327-768x768.jpg 768w, https:\/\/onona.fr\/wp-content\/uploads\/2026\/02\/278721-P6PUBB-327-300x300.jpg 300w, https:\/\/onona.fr\/wp-content\/uploads\/2026\/02\/278721-P6PUBB-327-1024x1024.jpg 1024w, https:\/\/onona.fr\/wp-content\/uploads\/2026\/02\/278721-P6PUBB-327-150x150.jpg 150w, https:\/\/onona.fr\/wp-content\/uploads\/2026\/02\/278721-P6PUBB-327-1536x1536.jpg 1536w, https:\/\/onona.fr\/wp-content\/uploads\/2026\/02\/278721-P6PUBB-327-600x600.jpg 600w, https:\/\/onona.fr\/wp-content\/uploads\/2026\/02\/278721-P6PUBB-327.jpg 2000w\" sizes=\"(max-width: 768px) 100vw, 768px\" \/>\t\t\t\t\t\t\t\t\t\t\t\t\t\t\t<\/div>\n\t\t\t\t<\/div>\n\t\t\t\t<\/div>\n\t\t\t\t\t<\/div>\n\t\t\t\t<\/div>\n\t\t\t\t<\/div>\n\t\t","protected":false},"excerpt":{"rendered":"<p>La r\u00e9flexologie en m\u00e9decine traditionnelle chinoise Technique de r\u00e9\u00e9quilibrage, de relaxation et&nbsp;de bien-\u00eatre. Elle n\u2019a pas pour finalit\u00e9 directe&nbsp;ou indirecte de soigner des pathologies. C\u2019est&nbsp;une technique ancienne qui repose sur le&nbsp;principe que certaines zones du corps,&nbsp;appel\u00e9es \u00ab\u00a0zones r\u00e9flexes\u00a0\u00bb , correspondent \u00e0&nbsp;des organes&nbsp;et syst\u00e8mes sp\u00e9cifiques. En&nbsp;stimulant ces zones, la r\u00e9flexologie vise \u00e0&nbsp;harmoniser la circulation de l\u2019\u00e9nergie [&hellip;]<\/p>\n","protected":false},"author":1,"featured_media":0,"parent":0,"menu_order":0,"comment_status":"closed","ping_status":"closed","template":"","meta":{"footnotes":""},"class_list":["post-106","page","type-page","status-publish","hentry","entry"],"yoast_head":"<!-- This site is optimized with the Yoast SEO plugin v26.3 - https:\/\/yoast.com\/wordpress\/plugins\/seo\/ -->\n<title>R\u00e9flexologie - ONONA<\/title>\n<meta name=\"robots\" content=\"index, follow, max-snippet:-1, max-image-preview:large, max-video-preview:-1\" \/>\n<link rel=\"canonical\" href=\"https:\/\/onona.fr\/?page_id=106\" \/>\n<meta property=\"og:locale\" content=\"fr_FR\" \/>\n<meta property=\"og:type\" content=\"article\" \/>\n<meta property=\"og:title\" content=\"R\u00e9flexologie - ONONA\" \/>\n<meta property=\"og:description\" content=\"La r\u00e9flexologie en m\u00e9decine traditionnelle chinoise Technique de r\u00e9\u00e9quilibrage, de relaxation et&nbsp;de bien-\u00eatre. Elle n\u2019a pas pour finalit\u00e9 directe&nbsp;ou indirecte de soigner des pathologies. C\u2019est&nbsp;une technique ancienne qui repose sur le&nbsp;principe que certaines zones du corps,&nbsp;appel\u00e9es \u00ab\u00a0zones r\u00e9flexes\u00a0\u00bb , correspondent \u00e0&nbsp;des organes&nbsp;et syst\u00e8mes sp\u00e9cifiques. En&nbsp;stimulant ces zones, la r\u00e9flexologie vise \u00e0&nbsp;harmoniser la circulation de l\u2019\u00e9nergie [&hellip;]\" \/>\n<meta property=\"og:url\" content=\"https:\/\/onona.fr\/?page_id=106\" \/>\n<meta property=\"og:site_name\" content=\"ONONA\" \/>\n<meta property=\"article:modified_time\" content=\"2026-02-05T22:26:59+00:00\" \/>\n<meta property=\"og:image\" content=\"https:\/\/onona.fr\/wp-content\/uploads\/2025\/11\/pieds-organe.png\" \/>\n\t<meta property=\"og:image:width\" content=\"346\" \/>\n\t<meta property=\"og:image:height\" content=\"268\" \/>\n\t<meta property=\"og:image:type\" content=\"image\/png\" \/>\n<meta name=\"twitter:card\" content=\"summary_large_image\" \/>\n<meta name=\"twitter:label1\" content=\"Dur\u00e9e de lecture estim\u00e9e\" \/>\n\t<meta name=\"twitter:data1\" content=\"2 minutes\" \/>\n<script type=\"application\/ld+json\" class=\"yoast-schema-graph\">{\"@context\":\"https:\/\/schema.org\",\"@graph\":[{\"@type\":\"WebPage\",\"@id\":\"https:\/\/onona.fr\/?page_id=106\",\"url\":\"https:\/\/onona.fr\/?page_id=106\",\"name\":\"R\u00e9flexologie - ONONA\",\"isPartOf\":{\"@id\":\"https:\/\/onona.fr\/#website\"},\"primaryImageOfPage\":{\"@id\":\"https:\/\/onona.fr\/?page_id=106#primaryimage\"},\"image\":{\"@id\":\"https:\/\/onona.fr\/?page_id=106#primaryimage\"},\"thumbnailUrl\":\"https:\/\/onona.fr\/wp-content\/uploads\/2025\/11\/pieds-organe.png\",\"datePublished\":\"2025-11-09T22:56:45+00:00\",\"dateModified\":\"2026-02-05T22:26:59+00:00\",\"breadcrumb\":{\"@id\":\"https:\/\/onona.fr\/?page_id=106#breadcrumb\"},\"inLanguage\":\"fr-FR\",\"potentialAction\":[{\"@type\":\"ReadAction\",\"target\":[\"https:\/\/onona.fr\/?page_id=106\"]}]},{\"@type\":\"ImageObject\",\"inLanguage\":\"fr-FR\",\"@id\":\"https:\/\/onona.fr\/?page_id=106#primaryimage\",\"url\":\"https:\/\/onona.fr\/wp-content\/uploads\/2025\/11\/pieds-organe.png\",\"contentUrl\":\"https:\/\/onona.fr\/wp-content\/uploads\/2025\/11\/pieds-organe.png\",\"width\":346,\"height\":268},{\"@type\":\"BreadcrumbList\",\"@id\":\"https:\/\/onona.fr\/?page_id=106#breadcrumb\",\"itemListElement\":[{\"@type\":\"ListItem\",\"position\":1,\"name\":\"Accueil\",\"item\":\"https:\/\/onona.fr\/\"},{\"@type\":\"ListItem\",\"position\":2,\"name\":\"R\u00e9flexologie\"}]},{\"@type\":\"WebSite\",\"@id\":\"https:\/\/onona.fr\/#website\",\"url\":\"https:\/\/onona.fr\/\",\"name\":\"ONONA\",\"description\":\"L&#039;\u00e9quilibre Essentiel\",\"publisher\":{\"@id\":\"https:\/\/onona.fr\/#organization\"},\"potentialAction\":[{\"@type\":\"SearchAction\",\"target\":{\"@type\":\"EntryPoint\",\"urlTemplate\":\"https:\/\/onona.fr\/?s={search_term_string}\"},\"query-input\":{\"@type\":\"PropertyValueSpecification\",\"valueRequired\":true,\"valueName\":\"search_term_string\"}}],\"inLanguage\":\"fr-FR\"},{\"@type\":\"Organization\",\"@id\":\"https:\/\/onona.fr\/#organization\",\"name\":\"ONONA\",\"url\":\"https:\/\/onona.fr\/\",\"logo\":{\"@type\":\"ImageObject\",\"inLanguage\":\"fr-FR\",\"@id\":\"https:\/\/onona.fr\/#\/schema\/logo\/image\/\",\"url\":\"https:\/\/onona.fr\/wp-content\/uploads\/2025\/09\/cropped-cropped-onana-v3-sans-fond-1.png\",\"contentUrl\":\"https:\/\/onona.fr\/wp-content\/uploads\/2025\/09\/cropped-cropped-onana-v3-sans-fond-1.png\",\"width\":512,\"height\":489,\"caption\":\"ONONA\"},\"image\":{\"@id\":\"https:\/\/onona.fr\/#\/schema\/logo\/image\/\"}}]}<\/script>\n<!-- \/ Yoast SEO plugin. -->","yoast_head_json":{"title":"R\u00e9flexologie - ONONA","robots":{"index":"index","follow":"follow","max-snippet":"max-snippet:-1","max-image-preview":"max-image-preview:large","max-video-preview":"max-video-preview:-1"},"canonical":"https:\/\/onona.fr\/?page_id=106","og_locale":"fr_FR","og_type":"article","og_title":"R\u00e9flexologie - ONONA","og_description":"La r\u00e9flexologie en m\u00e9decine traditionnelle chinoise Technique de r\u00e9\u00e9quilibrage, de relaxation et&nbsp;de bien-\u00eatre. Elle n\u2019a pas pour finalit\u00e9 directe&nbsp;ou indirecte de soigner des pathologies. C\u2019est&nbsp;une technique ancienne qui repose sur le&nbsp;principe que certaines zones du corps,&nbsp;appel\u00e9es \u00ab\u00a0zones r\u00e9flexes\u00a0\u00bb , correspondent \u00e0&nbsp;des organes&nbsp;et syst\u00e8mes sp\u00e9cifiques. En&nbsp;stimulant ces zones, la r\u00e9flexologie vise \u00e0&nbsp;harmoniser la circulation de l\u2019\u00e9nergie [&hellip;]","og_url":"https:\/\/onona.fr\/?page_id=106","og_site_name":"ONONA","article_modified_time":"2026-02-05T22:26:59+00:00","og_image":[{"width":346,"height":268,"url":"https:\/\/onona.fr\/wp-content\/uploads\/2025\/11\/pieds-organe.png","type":"image\/png"}],"twitter_card":"summary_large_image","twitter_misc":{"Dur\u00e9e de lecture estim\u00e9e":"2 minutes"},"schema":{"@context":"https:\/\/schema.org","@graph":[{"@type":"WebPage","@id":"https:\/\/onona.fr\/?page_id=106","url":"https:\/\/onona.fr\/?page_id=106","name":"R\u00e9flexologie - ONONA","isPartOf":{"@id":"https:\/\/onona.fr\/#website"},"primaryImageOfPage":{"@id":"https:\/\/onona.fr\/?page_id=106#primaryimage"},"image":{"@id":"https:\/\/onona.fr\/?page_id=106#primaryimage"},"thumbnailUrl":"https:\/\/onona.fr\/wp-content\/uploads\/2025\/11\/pieds-organe.png","datePublished":"2025-11-09T22:56:45+00:00","dateModified":"2026-02-05T22:26:59+00:00","breadcrumb":{"@id":"https:\/\/onona.fr\/?page_id=106#breadcrumb"},"inLanguage":"fr-FR","potentialAction":[{"@type":"ReadAction","target":["https:\/\/onona.fr\/?page_id=106"]}]},{"@type":"ImageObject","inLanguage":"fr-FR","@id":"https:\/\/onona.fr\/?page_id=106#primaryimage","url":"https:\/\/onona.fr\/wp-content\/uploads\/2025\/11\/pieds-organe.png","contentUrl":"https:\/\/onona.fr\/wp-content\/uploads\/2025\/11\/pieds-organe.png","width":346,"height":268},{"@type":"BreadcrumbList","@id":"https:\/\/onona.fr\/?page_id=106#breadcrumb","itemListElement":[{"@type":"ListItem","position":1,"name":"Accueil","item":"https:\/\/onona.fr\/"},{"@type":"ListItem","position":2,"name":"R\u00e9flexologie"}]},{"@type":"WebSite","@id":"https:\/\/onona.fr\/#website","url":"https:\/\/onona.fr\/","name":"ONONA","description":"L&#039;\u00e9quilibre Essentiel","publisher":{"@id":"https:\/\/onona.fr\/#organization"},"potentialAction":[{"@type":"SearchAction","target":{"@type":"EntryPoint","urlTemplate":"https:\/\/onona.fr\/?s={search_term_string}"},"query-input":{"@type":"PropertyValueSpecification","valueRequired":true,"valueName":"search_term_string"}}],"inLanguage":"fr-FR"},{"@type":"Organization","@id":"https:\/\/onona.fr\/#organization","name":"ONONA","url":"https:\/\/onona.fr\/","logo":{"@type":"ImageObject","inLanguage":"fr-FR","@id":"https:\/\/onona.fr\/#\/schema\/logo\/image\/","url":"https:\/\/onona.fr\/wp-content\/uploads\/2025\/09\/cropped-cropped-onana-v3-sans-fond-1.png","contentUrl":"https:\/\/onona.fr\/wp-content\/uploads\/2025\/09\/cropped-cropped-onana-v3-sans-fond-1.png","width":512,"height":489,"caption":"ONONA"},"image":{"@id":"https:\/\/onona.fr\/#\/schema\/logo\/image\/"}}]}},"_links":{"self":[{"href":"https:\/\/onona.fr\/index.php?rest_route=\/wp\/v2\/pages\/106","targetHints":{"allow":["GET"]}}],"collection":[{"href":"https:\/\/onona.fr\/index.php?rest_route=\/wp\/v2\/pages"}],"about":[{"href":"https:\/\/onona.fr\/index.php?rest_route=\/wp\/v2\/types\/page"}],"author":[{"embeddable":true,"href":"https:\/\/onona.fr\/index.php?rest_route=\/wp\/v2\/users\/1"}],"replies":[{"embeddable":true,"href":"https:\/\/onona.fr\/index.php?rest_route=%2Fwp%2Fv2%2Fcomments&post=106"}],"version-history":[{"count":16,"href":"https:\/\/onona.fr\/index.php?rest_route=\/wp\/v2\/pages\/106\/revisions"}],"predecessor-version":[{"id":383,"href":"https:\/\/onona.fr\/index.php?rest_route=\/wp\/v2\/pages\/106\/revisions\/383"}],"wp:attachment":[{"href":"https:\/\/onona.fr\/index.php?rest_route=%2Fwp%2Fv2%2Fmedia&parent=106"}],"curies":[{"name":"wp","href":"https:\/\/api.w.org\/{rel}","templated":true}]}}