{"id":191,"date":"2025-11-18T23:04:39","date_gmt":"2025-11-18T23:04:39","guid":{"rendered":"https:\/\/onona.fr\/?page_id=191"},"modified":"2026-01-31T14:23:26","modified_gmt":"2026-01-31T14:23:26","slug":"massages","status":"publish","type":"page","link":"https:\/\/onona.fr\/?page_id=191","title":{"rendered":"Drainage lymphatique"},"content":{"rendered":"\t\t<div data-elementor-type=\"wp-page\" data-elementor-id=\"191\" class=\"elementor elementor-191\">\n\t\t\t\t<div class=\"elementor-element elementor-element-a79f299 e-flex e-con-boxed e-con e-parent\" data-id=\"a79f299\" data-element_type=\"container\">\n\t\t\t\t\t<div class=\"e-con-inner\">\n\t\t<div class=\"elementor-element elementor-element-77d82a2 e-con-full e-flex e-con e-child\" data-id=\"77d82a2\" data-element_type=\"container\">\n\t\t\t\t<div class=\"elementor-element elementor-element-ef40ae6 elementor-widget elementor-widget-image\" data-id=\"ef40ae6\" data-element_type=\"widget\" data-widget_type=\"image.default\">\n\t\t\t\t\t\t\t\t\t\t\t\t\t\t\t<img fetchpriority=\"high\" decoding=\"async\" width=\"347\" height=\"228\" src=\"https:\/\/onona.fr\/wp-content\/uploads\/2025\/11\/drainage.png\" class=\"attachment-full size-full wp-image-193\" alt=\"\" srcset=\"https:\/\/onona.fr\/wp-content\/uploads\/2025\/11\/drainage.png 347w, https:\/\/onona.fr\/wp-content\/uploads\/2025\/11\/drainage-300x197.png 300w\" sizes=\"(max-width: 347px) 100vw, 347px\" \/>\t\t\t\t\t\t\t\t\t\t\t\t\t\t\t<\/div>\n\t\t\t\t<\/div>\n\t\t<div class=\"elementor-element elementor-element-f5f6253 e-con-full e-flex e-con e-child\" data-id=\"f5f6253\" data-element_type=\"container\">\n\t\t<div class=\"elementor-element elementor-element-66724c1 e-con-full e-flex e-con e-child\" data-id=\"66724c1\" data-element_type=\"container\">\n\t\t\t\t<div class=\"elementor-element elementor-element-5f49255 elementor-widget elementor-widget-heading\" data-id=\"5f49255\" data-element_type=\"widget\" data-widget_type=\"heading.default\">\n\t\t\t\t\t<h2 class=\"elementor-heading-title elementor-size-default\">Drainage lymphatique\nM\u00e9thode Renata Fran\u00e7a<\/h2>\t\t\t\t<\/div>\n\t\t\t\t<\/div>\n\t\t\t\t<div class=\"elementor-element elementor-element-f313e67 elementor-widget elementor-widget-text-editor\" data-id=\"f313e67\" data-element_type=\"widget\" data-widget_type=\"text-editor.default\">\n\t\t\t\t\t\t\t\t\t<p>Massage complet du corps qui favorise la\u00a0d\u00e9toxification de l\u2019organisme en drainant les\u00a0liquides exc\u00e9dentaires, les toxines et les\u00a0d\u00e9chets cellulaires vers les organes\u00a0d\u2019\u00e9limination. En stimulant la circulation de la\u00a0lymphe, un liquide essentiel au syst\u00e8me\u00a0immunitaire, il aide \u00e0 r\u00e9duire \u0153d\u00e8mes,\u00a0ballonnements, r\u00e9tention d\u2019eau et sensations\u00a0de jambes lourdes.<\/p><p>La m\u00e9thode Renata Fran\u00e7a est une technique\u00a0br\u00e9silienne qui se distingue des m\u00e9thodes\u00a0traditionnelles par un toucher pr\u00e9cis et\u00a0dynamique, avec des pressions, pompages et\u00a0glissements sp\u00e9cifiques offrant des r\u00e9sultats\u00a0esth\u00e9tiques visibles d\u00e8s la premi\u00e8re s\u00e9ance. Son traitement continu affine la silhouette,\u00a0r\u00e9duit la cellulite et renforce le syst\u00e8me immunitaire, apportant une sensation de\u00a0l\u00e9g\u00e8ret\u00e9 imm\u00e9diate et un bien-\u00eatre g\u00e9n\u00e9ral.<\/p>\t\t\t\t\t\t\t\t<\/div>\n\t\t\t\t<\/div>\n\t\t\t\t\t<\/div>\n\t\t\t\t<\/div>\n\t\t<div class=\"elementor-element elementor-element-836668b e-flex e-con-boxed e-con e-parent\" data-id=\"836668b\" data-element_type=\"container\">\n\t\t\t\t\t<div class=\"e-con-inner\">\n\t\t\t\t<div class=\"elementor-element elementor-element-db0207d elementor-widget elementor-widget-heading\" data-id=\"db0207d\" data-element_type=\"widget\" data-widget_type=\"heading.default\">\n\t\t\t\t\t<h2 class=\"elementor-heading-title elementor-size-default\">Les bienfaits: pourquoi  se faire drainer est important<\/h2>\t\t\t\t<\/div>\n\t\t\t\t<div class=\"elementor-element elementor-element-b343644 elementor-widget elementor-widget-text-editor\" data-id=\"b343644\" data-element_type=\"widget\" data-widget_type=\"text-editor.default\">\n\t\t\t\t\t\t\t\t\t<ul><li>permet d&rsquo;avoir une sensation de d\u00e9tente et de l\u00e9g\u00e8rement imm\u00e9diatement apr\u00e8s le massage<\/li><li>d\u00e9toxifie l&rsquo;organisme en \u00e9liminant toxines et d\u00e9chets cellulaires<\/li><li>Am\u00e9liore la r\u00e9cup\u00e9ration post-effort ou post-op\u00e9ratoire, et att\u00e9nue cellulite et gonflements<\/li><li>R\u00e9duit les jambes lourdes, \u0153d\u00e8mes et r\u00e9tention d&rsquo;eau<\/li><li>active le m\u00e9tabolisme<\/li><li>Renforce l&rsquo;immunit\u00e9 en activant les ganglions lymphatiques contre infections et inflammations<\/li><li>Soulage stress, anxi\u00e9t\u00e9 et tensions musculaires pour un \u00e9quilibre corps-esprit<\/li><li>Favorise r\u00e9g\u00e9n\u00e9ration tissulaire, digestion et \u00e9nergie globale\u00a0<\/li><\/ul>\t\t\t\t\t\t\t\t<\/div>\n\t\t\t\t\t<\/div>\n\t\t\t\t<\/div>\n\t\t<div class=\"elementor-element elementor-element-e727222 e-flex e-con-boxed e-con e-parent\" data-id=\"e727222\" data-element_type=\"container\">\n\t\t\t\t\t<div class=\"e-con-inner\">\n\t\t\t\t<div class=\"elementor-element elementor-element-9f319c9 elementor-widget elementor-widget-heading\" data-id=\"9f319c9\" data-element_type=\"widget\" data-widget_type=\"heading.default\">\n\t\t\t\t\t<h2 class=\"elementor-heading-title elementor-size-default\">Les contre-indications<\/h2>\t\t\t\t<\/div>\n\t\t\t\t<div class=\"elementor-element elementor-element-7887caf elementor-widget elementor-widget-text-editor\" data-id=\"7887caf\" data-element_type=\"widget\" data-widget_type=\"text-editor.default\">\n\t\t\t\t\t\t\t\t\t<p>Tous les processus infectieux, bact\u00e9riens ou inflammatoires, ainsi que la fi\u00e8vre et la phl\u00e9bite en cours. De plus, certaines pathologies peuvent n\u00e9cessiter un accord m\u00e9dical.<\/p>\t\t\t\t\t\t\t\t<\/div>\n\t\t\t\t\t<\/div>\n\t\t\t\t<\/div>\n\t\t<div class=\"elementor-element elementor-element-1a38e86 e-flex e-con-boxed e-con e-parent\" data-id=\"1a38e86\" data-element_type=\"container\">\n\t\t\t\t\t<div class=\"e-con-inner\">\n\t\t<div class=\"elementor-element elementor-element-905ad2c e-con-full e-flex e-con e-child\" data-id=\"905ad2c\" data-element_type=\"container\">\n\t\t\t\t<div class=\"elementor-element elementor-element-f4a722b elementor-widget elementor-widget-text-editor\" data-id=\"f4a722b\" data-element_type=\"widget\" data-widget_type=\"text-editor.default\">\n\t\t\t\t\t\t\t\t\t<p><em>La lymphe est le fleuve silencieux du corps : elle emporte les ombres pour r\u00e9v\u00e9ler la lumi\u00e8re de la sant\u00e9.<\/em><\/p><p><em>Purifie ta lymphe comme on \u00e9pure l\u2019eau vive : le corps s\u2019all\u00e8ge, l\u2019\u00e2me s\u2019\u00e9l\u00e8ve, et la vitalit\u00e9 jaillit.<\/em><\/p>\t\t\t\t\t\t\t\t<\/div>\n\t\t\t\t<\/div>\n\t\t\t\t\t<\/div>\n\t\t\t\t<\/div>\n\t\t\t\t<\/div>\n\t\t","protected":false},"excerpt":{"rendered":"<p>Drainage lymphatique M\u00e9thode Renata Fran\u00e7a Massage complet du corps qui favorise la\u00a0d\u00e9toxification de l\u2019organisme en drainant les\u00a0liquides exc\u00e9dentaires, les toxines et les\u00a0d\u00e9chets cellulaires vers les organes\u00a0d\u2019\u00e9limination. En stimulant la circulation de la\u00a0lymphe, un liquide essentiel au syst\u00e8me\u00a0immunitaire, il aide \u00e0 r\u00e9duire \u0153d\u00e8mes,\u00a0ballonnements, r\u00e9tention d\u2019eau et sensations\u00a0de jambes lourdes. La m\u00e9thode Renata Fran\u00e7a est une technique\u00a0br\u00e9silienne [&hellip;]<\/p>\n","protected":false},"author":1,"featured_media":0,"parent":0,"menu_order":0,"comment_status":"closed","ping_status":"closed","template":"","meta":{"footnotes":""},"class_list":["post-191","page","type-page","status-publish","hentry","entry"],"yoast_head":"<!-- This site is optimized with the Yoast SEO plugin v26.3 - https:\/\/yoast.com\/wordpress\/plugins\/seo\/ -->\n<title>Drainage lymphatique - ONONA<\/title>\n<meta name=\"robots\" content=\"index, follow, max-snippet:-1, max-image-preview:large, max-video-preview:-1\" \/>\n<link rel=\"canonical\" href=\"https:\/\/onona.fr\/?page_id=191\" \/>\n<meta property=\"og:locale\" content=\"fr_FR\" \/>\n<meta property=\"og:type\" content=\"article\" \/>\n<meta property=\"og:title\" content=\"Drainage lymphatique - ONONA\" \/>\n<meta property=\"og:description\" content=\"Drainage lymphatique M\u00e9thode Renata Fran\u00e7a Massage complet du corps qui favorise la\u00a0d\u00e9toxification de l\u2019organisme en drainant les\u00a0liquides exc\u00e9dentaires, les toxines et les\u00a0d\u00e9chets cellulaires vers les organes\u00a0d\u2019\u00e9limination. En stimulant la circulation de la\u00a0lymphe, un liquide essentiel au syst\u00e8me\u00a0immunitaire, il aide \u00e0 r\u00e9duire \u0153d\u00e8mes,\u00a0ballonnements, r\u00e9tention d\u2019eau et sensations\u00a0de jambes lourdes. La m\u00e9thode Renata Fran\u00e7a est une technique\u00a0br\u00e9silienne [&hellip;]\" \/>\n<meta property=\"og:url\" content=\"https:\/\/onona.fr\/?page_id=191\" \/>\n<meta property=\"og:site_name\" content=\"ONONA\" \/>\n<meta property=\"article:modified_time\" content=\"2026-01-31T14:23:26+00:00\" \/>\n<meta property=\"og:image\" content=\"https:\/\/onona.fr\/wp-content\/uploads\/2025\/11\/drainage.png\" \/>\n\t<meta property=\"og:image:width\" content=\"347\" \/>\n\t<meta property=\"og:image:height\" content=\"228\" \/>\n\t<meta property=\"og:image:type\" content=\"image\/png\" \/>\n<meta name=\"twitter:card\" content=\"summary_large_image\" \/>\n<meta name=\"twitter:label1\" content=\"Dur\u00e9e de lecture estim\u00e9e\" \/>\n\t<meta name=\"twitter:data1\" content=\"1 minute\" \/>\n<script type=\"application\/ld+json\" class=\"yoast-schema-graph\">{\"@context\":\"https:\/\/schema.org\",\"@graph\":[{\"@type\":\"WebPage\",\"@id\":\"https:\/\/onona.fr\/?page_id=191\",\"url\":\"https:\/\/onona.fr\/?page_id=191\",\"name\":\"Drainage lymphatique - ONONA\",\"isPartOf\":{\"@id\":\"https:\/\/onona.fr\/#website\"},\"primaryImageOfPage\":{\"@id\":\"https:\/\/onona.fr\/?page_id=191#primaryimage\"},\"image\":{\"@id\":\"https:\/\/onona.fr\/?page_id=191#primaryimage\"},\"thumbnailUrl\":\"https:\/\/onona.fr\/wp-content\/uploads\/2025\/11\/drainage.png\",\"datePublished\":\"2025-11-18T23:04:39+00:00\",\"dateModified\":\"2026-01-31T14:23:26+00:00\",\"breadcrumb\":{\"@id\":\"https:\/\/onona.fr\/?page_id=191#breadcrumb\"},\"inLanguage\":\"fr-FR\",\"potentialAction\":[{\"@type\":\"ReadAction\",\"target\":[\"https:\/\/onona.fr\/?page_id=191\"]}]},{\"@type\":\"ImageObject\",\"inLanguage\":\"fr-FR\",\"@id\":\"https:\/\/onona.fr\/?page_id=191#primaryimage\",\"url\":\"https:\/\/onona.fr\/wp-content\/uploads\/2025\/11\/drainage.png\",\"contentUrl\":\"https:\/\/onona.fr\/wp-content\/uploads\/2025\/11\/drainage.png\",\"width\":347,\"height\":228,\"caption\":\"\u00e9liminer les toxines\"},{\"@type\":\"BreadcrumbList\",\"@id\":\"https:\/\/onona.fr\/?page_id=191#breadcrumb\",\"itemListElement\":[{\"@type\":\"ListItem\",\"position\":1,\"name\":\"Accueil\",\"item\":\"https:\/\/onona.fr\/\"},{\"@type\":\"ListItem\",\"position\":2,\"name\":\"Drainage lymphatique\"}]},{\"@type\":\"WebSite\",\"@id\":\"https:\/\/onona.fr\/#website\",\"url\":\"https:\/\/onona.fr\/\",\"name\":\"ONONA\",\"description\":\"L&#039;\u00e9quilibre Essentiel\",\"publisher\":{\"@id\":\"https:\/\/onona.fr\/#organization\"},\"potentialAction\":[{\"@type\":\"SearchAction\",\"target\":{\"@type\":\"EntryPoint\",\"urlTemplate\":\"https:\/\/onona.fr\/?s={search_term_string}\"},\"query-input\":{\"@type\":\"PropertyValueSpecification\",\"valueRequired\":true,\"valueName\":\"search_term_string\"}}],\"inLanguage\":\"fr-FR\"},{\"@type\":\"Organization\",\"@id\":\"https:\/\/onona.fr\/#organization\",\"name\":\"ONONA\",\"url\":\"https:\/\/onona.fr\/\",\"logo\":{\"@type\":\"ImageObject\",\"inLanguage\":\"fr-FR\",\"@id\":\"https:\/\/onona.fr\/#\/schema\/logo\/image\/\",\"url\":\"https:\/\/onona.fr\/wp-content\/uploads\/2025\/09\/cropped-cropped-onana-v3-sans-fond-1.png\",\"contentUrl\":\"https:\/\/onona.fr\/wp-content\/uploads\/2025\/09\/cropped-cropped-onana-v3-sans-fond-1.png\",\"width\":512,\"height\":489,\"caption\":\"ONONA\"},\"image\":{\"@id\":\"https:\/\/onona.fr\/#\/schema\/logo\/image\/\"}}]}<\/script>\n<!-- \/ Yoast SEO plugin. -->","yoast_head_json":{"title":"Drainage lymphatique - ONONA","robots":{"index":"index","follow":"follow","max-snippet":"max-snippet:-1","max-image-preview":"max-image-preview:large","max-video-preview":"max-video-preview:-1"},"canonical":"https:\/\/onona.fr\/?page_id=191","og_locale":"fr_FR","og_type":"article","og_title":"Drainage lymphatique - ONONA","og_description":"Drainage lymphatique M\u00e9thode Renata Fran\u00e7a Massage complet du corps qui favorise la\u00a0d\u00e9toxification de l\u2019organisme en drainant les\u00a0liquides exc\u00e9dentaires, les toxines et les\u00a0d\u00e9chets cellulaires vers les organes\u00a0d\u2019\u00e9limination. En stimulant la circulation de la\u00a0lymphe, un liquide essentiel au syst\u00e8me\u00a0immunitaire, il aide \u00e0 r\u00e9duire \u0153d\u00e8mes,\u00a0ballonnements, r\u00e9tention d\u2019eau et sensations\u00a0de jambes lourdes. La m\u00e9thode Renata Fran\u00e7a est une technique\u00a0br\u00e9silienne [&hellip;]","og_url":"https:\/\/onona.fr\/?page_id=191","og_site_name":"ONONA","article_modified_time":"2026-01-31T14:23:26+00:00","og_image":[{"width":347,"height":228,"url":"https:\/\/onona.fr\/wp-content\/uploads\/2025\/11\/drainage.png","type":"image\/png"}],"twitter_card":"summary_large_image","twitter_misc":{"Dur\u00e9e de lecture estim\u00e9e":"1 minute"},"schema":{"@context":"https:\/\/schema.org","@graph":[{"@type":"WebPage","@id":"https:\/\/onona.fr\/?page_id=191","url":"https:\/\/onona.fr\/?page_id=191","name":"Drainage lymphatique - ONONA","isPartOf":{"@id":"https:\/\/onona.fr\/#website"},"primaryImageOfPage":{"@id":"https:\/\/onona.fr\/?page_id=191#primaryimage"},"image":{"@id":"https:\/\/onona.fr\/?page_id=191#primaryimage"},"thumbnailUrl":"https:\/\/onona.fr\/wp-content\/uploads\/2025\/11\/drainage.png","datePublished":"2025-11-18T23:04:39+00:00","dateModified":"2026-01-31T14:23:26+00:00","breadcrumb":{"@id":"https:\/\/onona.fr\/?page_id=191#breadcrumb"},"inLanguage":"fr-FR","potentialAction":[{"@type":"ReadAction","target":["https:\/\/onona.fr\/?page_id=191"]}]},{"@type":"ImageObject","inLanguage":"fr-FR","@id":"https:\/\/onona.fr\/?page_id=191#primaryimage","url":"https:\/\/onona.fr\/wp-content\/uploads\/2025\/11\/drainage.png","contentUrl":"https:\/\/onona.fr\/wp-content\/uploads\/2025\/11\/drainage.png","width":347,"height":228,"caption":"\u00e9liminer les toxines"},{"@type":"BreadcrumbList","@id":"https:\/\/onona.fr\/?page_id=191#breadcrumb","itemListElement":[{"@type":"ListItem","position":1,"name":"Accueil","item":"https:\/\/onona.fr\/"},{"@type":"ListItem","position":2,"name":"Drainage lymphatique"}]},{"@type":"WebSite","@id":"https:\/\/onona.fr\/#website","url":"https:\/\/onona.fr\/","name":"ONONA","description":"L&#039;\u00e9quilibre Essentiel","publisher":{"@id":"https:\/\/onona.fr\/#organization"},"potentialAction":[{"@type":"SearchAction","target":{"@type":"EntryPoint","urlTemplate":"https:\/\/onona.fr\/?s={search_term_string}"},"query-input":{"@type":"PropertyValueSpecification","valueRequired":true,"valueName":"search_term_string"}}],"inLanguage":"fr-FR"},{"@type":"Organization","@id":"https:\/\/onona.fr\/#organization","name":"ONONA","url":"https:\/\/onona.fr\/","logo":{"@type":"ImageObject","inLanguage":"fr-FR","@id":"https:\/\/onona.fr\/#\/schema\/logo\/image\/","url":"https:\/\/onona.fr\/wp-content\/uploads\/2025\/09\/cropped-cropped-onana-v3-sans-fond-1.png","contentUrl":"https:\/\/onona.fr\/wp-content\/uploads\/2025\/09\/cropped-cropped-onana-v3-sans-fond-1.png","width":512,"height":489,"caption":"ONONA"},"image":{"@id":"https:\/\/onona.fr\/#\/schema\/logo\/image\/"}}]}},"_links":{"self":[{"href":"https:\/\/onona.fr\/index.php?rest_route=\/wp\/v2\/pages\/191","targetHints":{"allow":["GET"]}}],"collection":[{"href":"https:\/\/onona.fr\/index.php?rest_route=\/wp\/v2\/pages"}],"about":[{"href":"https:\/\/onona.fr\/index.php?rest_route=\/wp\/v2\/types\/page"}],"author":[{"embeddable":true,"href":"https:\/\/onona.fr\/index.php?rest_route=\/wp\/v2\/users\/1"}],"replies":[{"embeddable":true,"href":"https:\/\/onona.fr\/index.php?rest_route=%2Fwp%2Fv2%2Fcomments&post=191"}],"version-history":[{"count":29,"href":"https:\/\/onona.fr\/index.php?rest_route=\/wp\/v2\/pages\/191\/revisions"}],"predecessor-version":[{"id":364,"href":"https:\/\/onona.fr\/index.php?rest_route=\/wp\/v2\/pages\/191\/revisions\/364"}],"wp:attachment":[{"href":"https:\/\/onona.fr\/index.php?rest_route=%2Fwp%2Fv2%2Fmedia&parent=191"}],"curies":[{"name":"wp","href":"https:\/\/api.w.org\/{rel}","templated":true}]}}