{"id":247,"date":"2025-12-03T21:29:46","date_gmt":"2025-12-03T21:29:46","guid":{"rendered":"https:\/\/onona.fr\/?page_id=247"},"modified":"2026-02-28T08:56:53","modified_gmt":"2026-02-28T08:56:53","slug":"pepites","status":"publish","type":"page","link":"https:\/\/onona.fr\/?page_id=247","title":{"rendered":"Bon \u00e0 savoir"},"content":{"rendered":"\t\t<div data-elementor-type=\"wp-page\" data-elementor-id=\"247\" class=\"elementor elementor-247\">\n\t\t\t\t<div class=\"elementor-element elementor-element-558ac44 e-flex e-con-boxed e-con e-parent\" data-id=\"558ac44\" data-element_type=\"container\">\n\t\t\t\t\t<div class=\"e-con-inner\">\n\t\t\t\t<div class=\"elementor-element elementor-element-9f1b21d elementor-widget__width-initial elementor-widget elementor-widget-image\" data-id=\"9f1b21d\" data-element_type=\"widget\" data-widget_type=\"image.default\">\n\t\t\t\t\t\t\t\t\t\t\t\t\t\t\t<img fetchpriority=\"high\" decoding=\"async\" width=\"300\" height=\"300\" src=\"https:\/\/onona.fr\/wp-content\/uploads\/2026\/02\/LOGO-MLLE-VIOLETTE-1-300x300.png\" class=\"attachment-medium size-medium wp-image-431\" alt=\"\" srcset=\"https:\/\/onona.fr\/wp-content\/uploads\/2026\/02\/LOGO-MLLE-VIOLETTE-1-300x300.png 300w, https:\/\/onona.fr\/wp-content\/uploads\/2026\/02\/LOGO-MLLE-VIOLETTE-1-150x150.png 150w, https:\/\/onona.fr\/wp-content\/uploads\/2026\/02\/LOGO-MLLE-VIOLETTE-1.png 500w\" sizes=\"(max-width: 300px) 100vw, 300px\" \/>\t\t\t\t\t\t\t\t\t\t\t\t\t\t\t<\/div>\n\t\t<div class=\"elementor-element elementor-element-e355c7a e-con-full e-flex e-con e-child\" data-id=\"e355c7a\" data-element_type=\"container\">\n\t\t\t\t<div class=\"elementor-element elementor-element-0f12cd7 elementor-widget elementor-widget-text-editor\" data-id=\"0f12cd7\" data-element_type=\"widget\" data-widget_type=\"text-editor.default\">\n\t\t\t\t\t\t\t\t\t<p>\u00a0<\/p><p>Prochaine \u00e9dition \u00e0 Vernon les 25 et 26 avril 2026. Obtenez 10% en utilisant mon lien d&rsquo;affili\u00e9 : <a href=\"https:\/\/www.mademoiselleviolette.fr\/?aff=onona\">https:\/\/www.mademoiselleviolette.fr\/?aff=onona<\/a>\u00a0et le code promo <strong>AFFI2026<\/strong><\/p><p>Pour voir les autres professionnels de la r\u00e9gion s\u00e9lectionn\u00e9s par Melle Violette, cliquez ci-dessous: <a href=\"https:\/\/www.mademoiselleviolette.fr\/produit\/evreux-notre-selection-de-pros\/\">https:\/\/www.mademoiselleviolette.fr\/produit\/evreux-notre-selection-de-pros\/<\/a><\/p>\t\t\t\t\t\t\t\t<\/div>\n\t\t\t\t<\/div>\n\t\t\t\t\t<\/div>\n\t\t\t\t<\/div>\n\t\t<div class=\"elementor-element elementor-element-0a5a298 e-flex e-con-boxed e-con e-parent\" data-id=\"0a5a298\" data-element_type=\"container\">\n\t\t\t\t\t<div class=\"e-con-inner\">\n\t\t<div class=\"elementor-element elementor-element-e4d0aa2 e-con-full e-flex e-con e-child\" data-id=\"e4d0aa2\" data-element_type=\"container\">\n\t\t\t\t<div class=\"elementor-element elementor-element-e32b61d elementor-widget__width-initial elementor-widget elementor-widget-image\" data-id=\"e32b61d\" data-element_type=\"widget\" data-widget_type=\"image.default\">\n\t\t\t\t\t\t\t\t\t\t\t\t\t\t\t<img decoding=\"async\" width=\"300\" height=\"112\" src=\"https:\/\/onona.fr\/wp-content\/uploads\/2025\/11\/logo-spn-1536x574-1-300x112.png\" class=\"attachment-medium size-medium wp-image-207\" alt=\"\" srcset=\"https:\/\/onona.fr\/wp-content\/uploads\/2025\/11\/logo-spn-1536x574-1-300x112.png 300w, https:\/\/onona.fr\/wp-content\/uploads\/2025\/11\/logo-spn-1536x574-1-1024x383.png 1024w, https:\/\/onona.fr\/wp-content\/uploads\/2025\/11\/logo-spn-1536x574-1-768x287.png 768w, https:\/\/onona.fr\/wp-content\/uploads\/2025\/11\/logo-spn-1536x574-1.png 1536w\" sizes=\"(max-width: 300px) 100vw, 300px\" \/>\t\t\t\t\t\t\t\t\t\t\t\t\t\t\t<\/div>\n\t\t\t\t<div class=\"elementor-element elementor-element-b549cb7 elementor-widget__width-initial elementor-widget elementor-widget-text-editor\" data-id=\"b549cb7\" data-element_type=\"widget\" data-widget_type=\"text-editor.default\">\n\t\t\t\t\t\t\t\t\t<p>Les mutuelles sont soucieuses de votre sant\u00e9 et de votre bien-\u00eatre. Plusieurs d&rsquo;entre elles remboursent d\u00e9sormais de mani\u00e8re parcelle les consultations. Vous pouvez consulter la liste au lien suivant:<\/p><p><a href=\"https:\/\/syndicat-naturopathie.fr\/les-mutuelles\/\">https:\/\/syndicat-naturopathie.fr\/les-mutuelles\/<\/a><\/p>\t\t\t\t\t\t\t\t<\/div>\n\t\t\t\t<\/div>\n\t\t\t\t\t<\/div>\n\t\t\t\t<\/div>\n\t\t\t\t<\/div>\n\t\t","protected":false},"excerpt":{"rendered":"<p>\u00a0 Prochaine \u00e9dition \u00e0 Vernon les 25 et 26 avril 2026. Obtenez 10% en utilisant mon lien d&rsquo;affili\u00e9 : https:\/\/www.mademoiselleviolette.fr\/?aff=onona\u00a0et le code promo AFFI2026 Pour voir les autres professionnels de la r\u00e9gion s\u00e9lectionn\u00e9s par Melle Violette, cliquez ci-dessous: https:\/\/www.mademoiselleviolette.fr\/produit\/evreux-notre-selection-de-pros\/ Les mutuelles sont soucieuses de votre sant\u00e9 et de votre bien-\u00eatre. Plusieurs d&rsquo;entre elles remboursent d\u00e9sormais [&hellip;]<\/p>\n","protected":false},"author":1,"featured_media":0,"parent":0,"menu_order":0,"comment_status":"closed","ping_status":"closed","template":"","meta":{"footnotes":""},"class_list":["post-247","page","type-page","status-publish","hentry","entry"],"yoast_head":"<!-- This site is optimized with the Yoast SEO plugin v26.3 - https:\/\/yoast.com\/wordpress\/plugins\/seo\/ -->\n<title>Bon \u00e0 savoir - ONONA<\/title>\n<meta name=\"robots\" content=\"index, follow, max-snippet:-1, max-image-preview:large, max-video-preview:-1\" \/>\n<link rel=\"canonical\" href=\"https:\/\/onona.fr\/?page_id=247\" \/>\n<meta property=\"og:locale\" content=\"fr_FR\" \/>\n<meta property=\"og:type\" content=\"article\" \/>\n<meta property=\"og:title\" content=\"Bon \u00e0 savoir - ONONA\" \/>\n<meta property=\"og:description\" content=\"\u00a0 Prochaine \u00e9dition \u00e0 Vernon les 25 et 26 avril 2026. Obtenez 10% en utilisant mon lien d&rsquo;affili\u00e9 : https:\/\/www.mademoiselleviolette.fr\/?aff=onona\u00a0et le code promo AFFI2026 Pour voir les autres professionnels de la r\u00e9gion s\u00e9lectionn\u00e9s par Melle Violette, cliquez ci-dessous: https:\/\/www.mademoiselleviolette.fr\/produit\/evreux-notre-selection-de-pros\/ Les mutuelles sont soucieuses de votre sant\u00e9 et de votre bien-\u00eatre. Plusieurs d&rsquo;entre elles remboursent d\u00e9sormais [&hellip;]\" \/>\n<meta property=\"og:url\" content=\"https:\/\/onona.fr\/?page_id=247\" \/>\n<meta property=\"og:site_name\" content=\"ONONA\" \/>\n<meta property=\"article:modified_time\" content=\"2026-02-28T08:56:53+00:00\" \/>\n<meta property=\"og:image\" content=\"https:\/\/onona.fr\/wp-content\/uploads\/2026\/02\/LOGO-MLLE-VIOLETTE-1-300x300.png\" \/>\n<meta name=\"twitter:card\" content=\"summary_large_image\" \/>\n<meta name=\"twitter:label1\" content=\"Dur\u00e9e de lecture estim\u00e9e\" \/>\n\t<meta name=\"twitter:data1\" content=\"1 minute\" \/>\n<script type=\"application\/ld+json\" class=\"yoast-schema-graph\">{\"@context\":\"https:\/\/schema.org\",\"@graph\":[{\"@type\":\"WebPage\",\"@id\":\"https:\/\/onona.fr\/?page_id=247\",\"url\":\"https:\/\/onona.fr\/?page_id=247\",\"name\":\"Bon \u00e0 savoir - ONONA\",\"isPartOf\":{\"@id\":\"https:\/\/onona.fr\/#website\"},\"primaryImageOfPage\":{\"@id\":\"https:\/\/onona.fr\/?page_id=247#primaryimage\"},\"image\":{\"@id\":\"https:\/\/onona.fr\/?page_id=247#primaryimage\"},\"thumbnailUrl\":\"https:\/\/onona.fr\/wp-content\/uploads\/2026\/02\/LOGO-MLLE-VIOLETTE-1-300x300.png\",\"datePublished\":\"2025-12-03T21:29:46+00:00\",\"dateModified\":\"2026-02-28T08:56:53+00:00\",\"breadcrumb\":{\"@id\":\"https:\/\/onona.fr\/?page_id=247#breadcrumb\"},\"inLanguage\":\"fr-FR\",\"potentialAction\":[{\"@type\":\"ReadAction\",\"target\":[\"https:\/\/onona.fr\/?page_id=247\"]}]},{\"@type\":\"ImageObject\",\"inLanguage\":\"fr-FR\",\"@id\":\"https:\/\/onona.fr\/?page_id=247#primaryimage\",\"url\":\"https:\/\/onona.fr\/wp-content\/uploads\/2026\/02\/LOGO-MLLE-VIOLETTE-1.png\",\"contentUrl\":\"https:\/\/onona.fr\/wp-content\/uploads\/2026\/02\/LOGO-MLLE-VIOLETTE-1.png\",\"width\":500,\"height\":500},{\"@type\":\"BreadcrumbList\",\"@id\":\"https:\/\/onona.fr\/?page_id=247#breadcrumb\",\"itemListElement\":[{\"@type\":\"ListItem\",\"position\":1,\"name\":\"Accueil\",\"item\":\"https:\/\/onona.fr\/\"},{\"@type\":\"ListItem\",\"position\":2,\"name\":\"Bon \u00e0 savoir\"}]},{\"@type\":\"WebSite\",\"@id\":\"https:\/\/onona.fr\/#website\",\"url\":\"https:\/\/onona.fr\/\",\"name\":\"ONONA\",\"description\":\"L&#039;\u00e9quilibre Essentiel\",\"publisher\":{\"@id\":\"https:\/\/onona.fr\/#organization\"},\"potentialAction\":[{\"@type\":\"SearchAction\",\"target\":{\"@type\":\"EntryPoint\",\"urlTemplate\":\"https:\/\/onona.fr\/?s={search_term_string}\"},\"query-input\":{\"@type\":\"PropertyValueSpecification\",\"valueRequired\":true,\"valueName\":\"search_term_string\"}}],\"inLanguage\":\"fr-FR\"},{\"@type\":\"Organization\",\"@id\":\"https:\/\/onona.fr\/#organization\",\"name\":\"ONONA\",\"url\":\"https:\/\/onona.fr\/\",\"logo\":{\"@type\":\"ImageObject\",\"inLanguage\":\"fr-FR\",\"@id\":\"https:\/\/onona.fr\/#\/schema\/logo\/image\/\",\"url\":\"https:\/\/onona.fr\/wp-content\/uploads\/2025\/09\/cropped-cropped-onana-v3-sans-fond-1.png\",\"contentUrl\":\"https:\/\/onona.fr\/wp-content\/uploads\/2025\/09\/cropped-cropped-onana-v3-sans-fond-1.png\",\"width\":512,\"height\":489,\"caption\":\"ONONA\"},\"image\":{\"@id\":\"https:\/\/onona.fr\/#\/schema\/logo\/image\/\"}}]}<\/script>\n<!-- \/ Yoast SEO plugin. -->","yoast_head_json":{"title":"Bon \u00e0 savoir - ONONA","robots":{"index":"index","follow":"follow","max-snippet":"max-snippet:-1","max-image-preview":"max-image-preview:large","max-video-preview":"max-video-preview:-1"},"canonical":"https:\/\/onona.fr\/?page_id=247","og_locale":"fr_FR","og_type":"article","og_title":"Bon \u00e0 savoir - ONONA","og_description":"\u00a0 Prochaine \u00e9dition \u00e0 Vernon les 25 et 26 avril 2026. Obtenez 10% en utilisant mon lien d&rsquo;affili\u00e9 : https:\/\/www.mademoiselleviolette.fr\/?aff=onona\u00a0et le code promo AFFI2026 Pour voir les autres professionnels de la r\u00e9gion s\u00e9lectionn\u00e9s par Melle Violette, cliquez ci-dessous: https:\/\/www.mademoiselleviolette.fr\/produit\/evreux-notre-selection-de-pros\/ Les mutuelles sont soucieuses de votre sant\u00e9 et de votre bien-\u00eatre. Plusieurs d&rsquo;entre elles remboursent d\u00e9sormais [&hellip;]","og_url":"https:\/\/onona.fr\/?page_id=247","og_site_name":"ONONA","article_modified_time":"2026-02-28T08:56:53+00:00","og_image":[{"url":"https:\/\/onona.fr\/wp-content\/uploads\/2026\/02\/LOGO-MLLE-VIOLETTE-1-300x300.png","type":"","width":"","height":""}],"twitter_card":"summary_large_image","twitter_misc":{"Dur\u00e9e de lecture estim\u00e9e":"1 minute"},"schema":{"@context":"https:\/\/schema.org","@graph":[{"@type":"WebPage","@id":"https:\/\/onona.fr\/?page_id=247","url":"https:\/\/onona.fr\/?page_id=247","name":"Bon \u00e0 savoir - ONONA","isPartOf":{"@id":"https:\/\/onona.fr\/#website"},"primaryImageOfPage":{"@id":"https:\/\/onona.fr\/?page_id=247#primaryimage"},"image":{"@id":"https:\/\/onona.fr\/?page_id=247#primaryimage"},"thumbnailUrl":"https:\/\/onona.fr\/wp-content\/uploads\/2026\/02\/LOGO-MLLE-VIOLETTE-1-300x300.png","datePublished":"2025-12-03T21:29:46+00:00","dateModified":"2026-02-28T08:56:53+00:00","breadcrumb":{"@id":"https:\/\/onona.fr\/?page_id=247#breadcrumb"},"inLanguage":"fr-FR","potentialAction":[{"@type":"ReadAction","target":["https:\/\/onona.fr\/?page_id=247"]}]},{"@type":"ImageObject","inLanguage":"fr-FR","@id":"https:\/\/onona.fr\/?page_id=247#primaryimage","url":"https:\/\/onona.fr\/wp-content\/uploads\/2026\/02\/LOGO-MLLE-VIOLETTE-1.png","contentUrl":"https:\/\/onona.fr\/wp-content\/uploads\/2026\/02\/LOGO-MLLE-VIOLETTE-1.png","width":500,"height":500},{"@type":"BreadcrumbList","@id":"https:\/\/onona.fr\/?page_id=247#breadcrumb","itemListElement":[{"@type":"ListItem","position":1,"name":"Accueil","item":"https:\/\/onona.fr\/"},{"@type":"ListItem","position":2,"name":"Bon \u00e0 savoir"}]},{"@type":"WebSite","@id":"https:\/\/onona.fr\/#website","url":"https:\/\/onona.fr\/","name":"ONONA","description":"L&#039;\u00e9quilibre Essentiel","publisher":{"@id":"https:\/\/onona.fr\/#organization"},"potentialAction":[{"@type":"SearchAction","target":{"@type":"EntryPoint","urlTemplate":"https:\/\/onona.fr\/?s={search_term_string}"},"query-input":{"@type":"PropertyValueSpecification","valueRequired":true,"valueName":"search_term_string"}}],"inLanguage":"fr-FR"},{"@type":"Organization","@id":"https:\/\/onona.fr\/#organization","name":"ONONA","url":"https:\/\/onona.fr\/","logo":{"@type":"ImageObject","inLanguage":"fr-FR","@id":"https:\/\/onona.fr\/#\/schema\/logo\/image\/","url":"https:\/\/onona.fr\/wp-content\/uploads\/2025\/09\/cropped-cropped-onana-v3-sans-fond-1.png","contentUrl":"https:\/\/onona.fr\/wp-content\/uploads\/2025\/09\/cropped-cropped-onana-v3-sans-fond-1.png","width":512,"height":489,"caption":"ONONA"},"image":{"@id":"https:\/\/onona.fr\/#\/schema\/logo\/image\/"}}]}},"_links":{"self":[{"href":"https:\/\/onona.fr\/index.php?rest_route=\/wp\/v2\/pages\/247","targetHints":{"allow":["GET"]}}],"collection":[{"href":"https:\/\/onona.fr\/index.php?rest_route=\/wp\/v2\/pages"}],"about":[{"href":"https:\/\/onona.fr\/index.php?rest_route=\/wp\/v2\/types\/page"}],"author":[{"embeddable":true,"href":"https:\/\/onona.fr\/index.php?rest_route=\/wp\/v2\/users\/1"}],"replies":[{"embeddable":true,"href":"https:\/\/onona.fr\/index.php?rest_route=%2Fwp%2Fv2%2Fcomments&post=247"}],"version-history":[{"count":14,"href":"https:\/\/onona.fr\/index.php?rest_route=\/wp\/v2\/pages\/247\/revisions"}],"predecessor-version":[{"id":452,"href":"https:\/\/onona.fr\/index.php?rest_route=\/wp\/v2\/pages\/247\/revisions\/452"}],"wp:attachment":[{"href":"https:\/\/onona.fr\/index.php?rest_route=%2Fwp%2Fv2%2Fmedia&parent=247"}],"curies":[{"name":"wp","href":"https:\/\/api.w.org\/{rel}","templated":true}]}}