{"id":35,"date":"2025-10-09T21:26:20","date_gmt":"2025-10-09T21:26:20","guid":{"rendered":"https:\/\/onona.fr\/?page_id=35"},"modified":"2026-01-31T10:18:47","modified_gmt":"2026-01-31T10:18:47","slug":"tarifs-2","status":"publish","type":"page","link":"https:\/\/onona.fr\/?page_id=35","title":{"rendered":"Tarifs"},"content":{"rendered":"\t\t<div data-elementor-type=\"wp-page\" data-elementor-id=\"35\" class=\"elementor elementor-35\">\n\t\t\t\t<div class=\"elementor-element elementor-element-45c5353 e-flex e-con-boxed e-con e-parent\" data-id=\"45c5353\" data-element_type=\"container\">\n\t\t\t\t\t<div class=\"e-con-inner\">\n\t\t\t\t<div class=\"elementor-element elementor-element-69be2f5 elementor-widget elementor-widget-image\" data-id=\"69be2f5\" data-element_type=\"widget\" data-widget_type=\"image.default\">\n\t\t\t\t\t\t\t\t\t\t\t\t\t\t\t<img fetchpriority=\"high\" decoding=\"async\" width=\"768\" height=\"879\" src=\"https:\/\/onona.fr\/wp-content\/uploads\/2026\/01\/tarifs-2-en-gris-2-colonnes-768x879.jpg\" class=\"attachment-medium_large size-medium_large wp-image-306\" alt=\"\" srcset=\"https:\/\/onona.fr\/wp-content\/uploads\/2026\/01\/tarifs-2-en-gris-2-colonnes-768x879.jpg 768w, https:\/\/onona.fr\/wp-content\/uploads\/2026\/01\/tarifs-2-en-gris-2-colonnes-262x300.jpg 262w, https:\/\/onona.fr\/wp-content\/uploads\/2026\/01\/tarifs-2-en-gris-2-colonnes-895x1024.jpg 895w, https:\/\/onona.fr\/wp-content\/uploads\/2026\/01\/tarifs-2-en-gris-2-colonnes.jpg 1019w\" sizes=\"(max-width: 768px) 100vw, 768px\" \/>\t\t\t\t\t\t\t\t\t\t\t\t\t\t\t<\/div>\n\t\t\t\t\t<\/div>\n\t\t\t\t<\/div>\n\t\t<div class=\"elementor-element elementor-element-5995a55 e-flex e-con-boxed e-con e-parent\" data-id=\"5995a55\" data-element_type=\"container\">\n\t\t\t\t\t<div class=\"e-con-inner\">\n\t\t\t\t<div class=\"elementor-element elementor-element-a3dbd15 elementor-widget elementor-widget-text-editor\" data-id=\"a3dbd15\" data-element_type=\"widget\" data-widget_type=\"text-editor.default\">\n\t\t\t\t\t\t\t\t\t<p class=\"western\"><span style=\"color: #000000;\"><span style=\"font-family: Times New Roman, serif;\"><span style=\"font-size: small;\"><i>La naturopathie et la r\u00e9flexologie ne <\/i><\/span><\/span><\/span><span style=\"color: #000000;\"><span style=\"font-family: Times New Roman, serif;\"><span style=\"font-size: small;\"><i>remplacent pas le suivi m\u00e9dical, mais plut\u00f4t utilis\u00e9e en compl\u00e9ment. <\/i><\/span><\/span><\/span><\/p><p class=\"western\"><span style=\"color: #000000;\"><span style=\"font-family: Times New Roman, serif;\"><span style=\"font-size: small;\"><i>Les techniques utilis\u00e9es sont non m\u00e9dicales, ni param\u00e9dicales th\u00e9rapeutiques. Elles sont juste <\/i><\/span><\/span><\/span><span style=\"color: #000000;\"><span style=\"font-family: Times New Roman, serif;\"><span style=\"font-size: small;\"><i>destin\u00e9es au mieux-\u00eatre.<\/i><\/span><\/span><\/span><\/p>\t\t\t\t\t\t\t\t<\/div>\n\t\t\t\t\t<\/div>\n\t\t\t\t<\/div>\n\t\t\t\t<\/div>\n\t\t","protected":false},"excerpt":{"rendered":"<p>La naturopathie et la r\u00e9flexologie ne remplacent pas le suivi m\u00e9dical, mais plut\u00f4t utilis\u00e9e en compl\u00e9ment. Les techniques utilis\u00e9es sont non m\u00e9dicales, ni param\u00e9dicales th\u00e9rapeutiques. Elles sont juste destin\u00e9es au mieux-\u00eatre.<\/p>\n","protected":false},"author":1,"featured_media":0,"parent":0,"menu_order":0,"comment_status":"closed","ping_status":"closed","template":"","meta":{"footnotes":""},"class_list":["post-35","page","type-page","status-publish","hentry","entry"],"yoast_head":"<!-- This site is optimized with the Yoast SEO plugin v26.3 - https:\/\/yoast.com\/wordpress\/plugins\/seo\/ -->\n<title>Tarifs - ONONA<\/title>\n<meta name=\"robots\" content=\"index, follow, max-snippet:-1, max-image-preview:large, max-video-preview:-1\" \/>\n<link rel=\"canonical\" href=\"https:\/\/onona.fr\/?page_id=35\" \/>\n<meta property=\"og:locale\" content=\"fr_FR\" \/>\n<meta property=\"og:type\" content=\"article\" \/>\n<meta property=\"og:title\" content=\"Tarifs - ONONA\" \/>\n<meta property=\"og:description\" content=\"La naturopathie et la r\u00e9flexologie ne remplacent pas le suivi m\u00e9dical, mais plut\u00f4t utilis\u00e9e en compl\u00e9ment. Les techniques utilis\u00e9es sont non m\u00e9dicales, ni param\u00e9dicales th\u00e9rapeutiques. Elles sont juste destin\u00e9es au mieux-\u00eatre.\" \/>\n<meta property=\"og:url\" content=\"https:\/\/onona.fr\/?page_id=35\" \/>\n<meta property=\"og:site_name\" content=\"ONONA\" \/>\n<meta property=\"article:modified_time\" content=\"2026-01-31T10:18:47+00:00\" \/>\n<meta property=\"og:image\" content=\"https:\/\/onona.fr\/wp-content\/uploads\/2026\/01\/tarifs-2-en-gris-2-colonnes-768x879.jpg\" \/>\n<meta name=\"twitter:card\" content=\"summary_large_image\" \/>\n<meta name=\"twitter:label1\" content=\"Dur\u00e9e de lecture estim\u00e9e\" \/>\n\t<meta name=\"twitter:data1\" content=\"1 minute\" \/>\n<script type=\"application\/ld+json\" class=\"yoast-schema-graph\">{\"@context\":\"https:\/\/schema.org\",\"@graph\":[{\"@type\":\"WebPage\",\"@id\":\"https:\/\/onona.fr\/?page_id=35\",\"url\":\"https:\/\/onona.fr\/?page_id=35\",\"name\":\"Tarifs - ONONA\",\"isPartOf\":{\"@id\":\"https:\/\/onona.fr\/#website\"},\"primaryImageOfPage\":{\"@id\":\"https:\/\/onona.fr\/?page_id=35#primaryimage\"},\"image\":{\"@id\":\"https:\/\/onona.fr\/?page_id=35#primaryimage\"},\"thumbnailUrl\":\"https:\/\/onona.fr\/wp-content\/uploads\/2026\/01\/tarifs-2-en-gris-2-colonnes-768x879.jpg\",\"datePublished\":\"2025-10-09T21:26:20+00:00\",\"dateModified\":\"2026-01-31T10:18:47+00:00\",\"breadcrumb\":{\"@id\":\"https:\/\/onona.fr\/?page_id=35#breadcrumb\"},\"inLanguage\":\"fr-FR\",\"potentialAction\":[{\"@type\":\"ReadAction\",\"target\":[\"https:\/\/onona.fr\/?page_id=35\"]}]},{\"@type\":\"ImageObject\",\"inLanguage\":\"fr-FR\",\"@id\":\"https:\/\/onona.fr\/?page_id=35#primaryimage\",\"url\":\"https:\/\/onona.fr\/wp-content\/uploads\/2026\/01\/tarifs-2-en-gris-2-colonnes.jpg\",\"contentUrl\":\"https:\/\/onona.fr\/wp-content\/uploads\/2026\/01\/tarifs-2-en-gris-2-colonnes.jpg\",\"width\":1019,\"height\":1166},{\"@type\":\"BreadcrumbList\",\"@id\":\"https:\/\/onona.fr\/?page_id=35#breadcrumb\",\"itemListElement\":[{\"@type\":\"ListItem\",\"position\":1,\"name\":\"Accueil\",\"item\":\"https:\/\/onona.fr\/\"},{\"@type\":\"ListItem\",\"position\":2,\"name\":\"Tarifs\"}]},{\"@type\":\"WebSite\",\"@id\":\"https:\/\/onona.fr\/#website\",\"url\":\"https:\/\/onona.fr\/\",\"name\":\"ONONA\",\"description\":\"L&#039;\u00e9quilibre Essentiel\",\"publisher\":{\"@id\":\"https:\/\/onona.fr\/#organization\"},\"potentialAction\":[{\"@type\":\"SearchAction\",\"target\":{\"@type\":\"EntryPoint\",\"urlTemplate\":\"https:\/\/onona.fr\/?s={search_term_string}\"},\"query-input\":{\"@type\":\"PropertyValueSpecification\",\"valueRequired\":true,\"valueName\":\"search_term_string\"}}],\"inLanguage\":\"fr-FR\"},{\"@type\":\"Organization\",\"@id\":\"https:\/\/onona.fr\/#organization\",\"name\":\"ONONA\",\"url\":\"https:\/\/onona.fr\/\",\"logo\":{\"@type\":\"ImageObject\",\"inLanguage\":\"fr-FR\",\"@id\":\"https:\/\/onona.fr\/#\/schema\/logo\/image\/\",\"url\":\"https:\/\/onona.fr\/wp-content\/uploads\/2025\/09\/cropped-cropped-onana-v3-sans-fond-1.png\",\"contentUrl\":\"https:\/\/onona.fr\/wp-content\/uploads\/2025\/09\/cropped-cropped-onana-v3-sans-fond-1.png\",\"width\":512,\"height\":489,\"caption\":\"ONONA\"},\"image\":{\"@id\":\"https:\/\/onona.fr\/#\/schema\/logo\/image\/\"}}]}<\/script>\n<!-- \/ Yoast SEO plugin. -->","yoast_head_json":{"title":"Tarifs - ONONA","robots":{"index":"index","follow":"follow","max-snippet":"max-snippet:-1","max-image-preview":"max-image-preview:large","max-video-preview":"max-video-preview:-1"},"canonical":"https:\/\/onona.fr\/?page_id=35","og_locale":"fr_FR","og_type":"article","og_title":"Tarifs - ONONA","og_description":"La naturopathie et la r\u00e9flexologie ne remplacent pas le suivi m\u00e9dical, mais plut\u00f4t utilis\u00e9e en compl\u00e9ment. Les techniques utilis\u00e9es sont non m\u00e9dicales, ni param\u00e9dicales th\u00e9rapeutiques. Elles sont juste destin\u00e9es au mieux-\u00eatre.","og_url":"https:\/\/onona.fr\/?page_id=35","og_site_name":"ONONA","article_modified_time":"2026-01-31T10:18:47+00:00","og_image":[{"url":"https:\/\/onona.fr\/wp-content\/uploads\/2026\/01\/tarifs-2-en-gris-2-colonnes-768x879.jpg","type":"","width":"","height":""}],"twitter_card":"summary_large_image","twitter_misc":{"Dur\u00e9e de lecture estim\u00e9e":"1 minute"},"schema":{"@context":"https:\/\/schema.org","@graph":[{"@type":"WebPage","@id":"https:\/\/onona.fr\/?page_id=35","url":"https:\/\/onona.fr\/?page_id=35","name":"Tarifs - ONONA","isPartOf":{"@id":"https:\/\/onona.fr\/#website"},"primaryImageOfPage":{"@id":"https:\/\/onona.fr\/?page_id=35#primaryimage"},"image":{"@id":"https:\/\/onona.fr\/?page_id=35#primaryimage"},"thumbnailUrl":"https:\/\/onona.fr\/wp-content\/uploads\/2026\/01\/tarifs-2-en-gris-2-colonnes-768x879.jpg","datePublished":"2025-10-09T21:26:20+00:00","dateModified":"2026-01-31T10:18:47+00:00","breadcrumb":{"@id":"https:\/\/onona.fr\/?page_id=35#breadcrumb"},"inLanguage":"fr-FR","potentialAction":[{"@type":"ReadAction","target":["https:\/\/onona.fr\/?page_id=35"]}]},{"@type":"ImageObject","inLanguage":"fr-FR","@id":"https:\/\/onona.fr\/?page_id=35#primaryimage","url":"https:\/\/onona.fr\/wp-content\/uploads\/2026\/01\/tarifs-2-en-gris-2-colonnes.jpg","contentUrl":"https:\/\/onona.fr\/wp-content\/uploads\/2026\/01\/tarifs-2-en-gris-2-colonnes.jpg","width":1019,"height":1166},{"@type":"BreadcrumbList","@id":"https:\/\/onona.fr\/?page_id=35#breadcrumb","itemListElement":[{"@type":"ListItem","position":1,"name":"Accueil","item":"https:\/\/onona.fr\/"},{"@type":"ListItem","position":2,"name":"Tarifs"}]},{"@type":"WebSite","@id":"https:\/\/onona.fr\/#website","url":"https:\/\/onona.fr\/","name":"ONONA","description":"L&#039;\u00e9quilibre Essentiel","publisher":{"@id":"https:\/\/onona.fr\/#organization"},"potentialAction":[{"@type":"SearchAction","target":{"@type":"EntryPoint","urlTemplate":"https:\/\/onona.fr\/?s={search_term_string}"},"query-input":{"@type":"PropertyValueSpecification","valueRequired":true,"valueName":"search_term_string"}}],"inLanguage":"fr-FR"},{"@type":"Organization","@id":"https:\/\/onona.fr\/#organization","name":"ONONA","url":"https:\/\/onona.fr\/","logo":{"@type":"ImageObject","inLanguage":"fr-FR","@id":"https:\/\/onona.fr\/#\/schema\/logo\/image\/","url":"https:\/\/onona.fr\/wp-content\/uploads\/2025\/09\/cropped-cropped-onana-v3-sans-fond-1.png","contentUrl":"https:\/\/onona.fr\/wp-content\/uploads\/2025\/09\/cropped-cropped-onana-v3-sans-fond-1.png","width":512,"height":489,"caption":"ONONA"},"image":{"@id":"https:\/\/onona.fr\/#\/schema\/logo\/image\/"}}]}},"_links":{"self":[{"href":"https:\/\/onona.fr\/index.php?rest_route=\/wp\/v2\/pages\/35","targetHints":{"allow":["GET"]}}],"collection":[{"href":"https:\/\/onona.fr\/index.php?rest_route=\/wp\/v2\/pages"}],"about":[{"href":"https:\/\/onona.fr\/index.php?rest_route=\/wp\/v2\/types\/page"}],"author":[{"embeddable":true,"href":"https:\/\/onona.fr\/index.php?rest_route=\/wp\/v2\/users\/1"}],"replies":[{"embeddable":true,"href":"https:\/\/onona.fr\/index.php?rest_route=%2Fwp%2Fv2%2Fcomments&post=35"}],"version-history":[{"count":40,"href":"https:\/\/onona.fr\/index.php?rest_route=\/wp\/v2\/pages\/35\/revisions"}],"predecessor-version":[{"id":309,"href":"https:\/\/onona.fr\/index.php?rest_route=\/wp\/v2\/pages\/35\/revisions\/309"}],"wp:attachment":[{"href":"https:\/\/onona.fr\/index.php?rest_route=%2Fwp%2Fv2%2Fmedia&parent=35"}],"curies":[{"name":"wp","href":"https:\/\/api.w.org\/{rel}","templated":true}]}}